{"id":3451,"date":"2024-10-07T12:26:27","date_gmt":"2024-10-07T10:26:27","guid":{"rendered":"https:\/\/zspwiszniamala.pl\/przedszkole\/?page_id=3451"},"modified":"2026-04-01T09:54:41","modified_gmt":"2026-04-01T07:54:41","slug":"oplaty-za-czesne-oraz-wyzywienie","status":"publish","type":"page","link":"https:\/\/zspwiszniamala.pl\/przedszkole\/oplaty\/oplaty-za-czesne-oraz-wyzywienie\/","title":{"rendered":"Op\u0142aty za pobyt w Przedszkolu w roku szkolnym 2025\/26"},"content":{"rendered":"\t\t<div data-elementor-type=\"wp-page\" data-elementor-id=\"3451\" class=\"elementor elementor-3451\" data-elementor-settings=\"[]\">\n\t\t\t\t\t\t\t<div class=\"elementor-section-wrap\">\n\t\t\t\t\t\t\t<section class=\"elementor-section elementor-top-section elementor-element elementor-element-f21d72c elementor-section-boxed elementor-section-height-default elementor-section-height-default\" data-id=\"f21d72c\" data-element_type=\"section\">\n\t\t\t\t\t\t<div class=\"elementor-container elementor-column-gap-default\">\n\t\t\t\t\t<div class=\"elementor-column elementor-col-100 elementor-top-column elementor-element elementor-element-45878cd\" data-id=\"45878cd\" data-element_type=\"column\">\n\t\t\t<div class=\"elementor-widget-wrap elementor-element-populated\">\n\t\t\t\t\t\t\t\t<div class=\"elementor-element elementor-element-afacaa1 elementor-widget elementor-widget-text-editor\" data-id=\"afacaa1\" data-element_type=\"widget\" data-widget_type=\"text-editor.default\">\n\t\t\t\t<div class=\"elementor-widget-container\">\n\t\t\t<style>\/*! elementor - v3.5.4 - 23-01-2022 *\/\n.elementor-widget-text-editor.elementor-drop-cap-view-stacked .elementor-drop-cap{background-color:#818a91;color:#fff}.elementor-widget-text-editor.elementor-drop-cap-view-framed .elementor-drop-cap{color:#818a91;border:3px solid;background-color:transparent}.elementor-widget-text-editor:not(.elementor-drop-cap-view-default) .elementor-drop-cap{margin-top:8px}.elementor-widget-text-editor:not(.elementor-drop-cap-view-default) .elementor-drop-cap-letter{width:1em;height:1em}.elementor-widget-text-editor .elementor-drop-cap{float:left;text-align:center;line-height:1;font-size:50px}.elementor-widget-text-editor .elementor-drop-cap-letter{display:inline-block}<\/style>\t\t\t\t<p><img loading=\"lazy\" class=\"alignnone size-full wp-image-3767\" src=\"https:\/\/zspwiszniamala.pl\/przedszkole\/wp-content\/uploads\/sites\/2\/2026\/04\/Oplaty_WWW_Kwiecien_2026.png\" alt=\"\" width=\"1952\" height=\"5572\" srcset=\"https:\/\/zspwiszniamala.pl\/przedszkole\/wp-content\/uploads\/sites\/2\/2026\/04\/Oplaty_WWW_Kwiecien_2026.png 1952w, https:\/\/zspwiszniamala.pl\/przedszkole\/wp-content\/uploads\/sites\/2\/2026\/04\/Oplaty_WWW_Kwiecien_2026-105x300.png 105w, https:\/\/zspwiszniamala.pl\/przedszkole\/wp-content\/uploads\/sites\/2\/2026\/04\/Oplaty_WWW_Kwiecien_2026-359x1024.png 359w, https:\/\/zspwiszniamala.pl\/przedszkole\/wp-content\/uploads\/sites\/2\/2026\/04\/Oplaty_WWW_Kwiecien_2026-768x2192.png 768w, https:\/\/zspwiszniamala.pl\/przedszkole\/wp-content\/uploads\/sites\/2\/2026\/04\/Oplaty_WWW_Kwiecien_2026-538x1536.png 538w, https:\/\/zspwiszniamala.pl\/przedszkole\/wp-content\/uploads\/sites\/2\/2026\/04\/Oplaty_WWW_Kwiecien_2026-717x2048.png 717w\" sizes=\"(max-width: 1952px) 100vw, 1952px\" \/><\/p>\n<p style=\"font-family: Roboto;font-style: normal;font-size: 14px\"><span style=\"font-size: 14px\"><b>Zaktualizowano dnia 01.04.2026 r.<\/b><\/span><\/p>\n<p style=\"font-weight: 400;font-family: Roboto;font-style: normal;font-size: 14px;background-color: #ffffff\"><span style=\"font-size: 14px\">Naliczenia za wy\u017cywienie nale\u017cy wp\u0142aca\u0107 na konto:<\/span><\/p>\n<ul style=\"font-weight: 400;font-family: Roboto;font-style: normal;font-size: 14px;background-color: #ffffff\">\n<li style=\"font-size: 14px\">\n<table style=\"font-size: 14px;width: 915px\" width=\"305\">\n<tbody style=\"font-size: 14px\">\n<tr style=\"font-size: 14px\">\n<td style=\"font-size: 14px\">71 9591 0004 2001 0019 2604 0012<\/td>\n<\/tr>\n<\/tbody>\n<\/table>\n<\/li>\n<\/ul>\n<p style=\"font-weight: 400;font-family: Roboto;font-style: normal;font-size: 14px;background-color: #ffffff\">Zesp\u00f3\u0142 Szkolno-Przedszkolny w Wiszni Ma\u0142ej<\/p>\n<p style=\"font-weight: 400;font-family: Roboto;font-style: normal;font-size: 14px;background-color: #ffffff\">55-114 Wisznia Ma\u0142a<\/p>\n<p style=\"font-weight: 400;font-family: Roboto;font-style: normal;font-size: 14px;background-color: #ffffff\">ul. Szkolna 51<\/p>\n<p style=\"font-weight: 400;font-family: Roboto;font-style: normal;font-size: 14px;background-color: #ffffff\">Naliczenia za czesne nale\u017cy wp\u0142aca\u0107 na konto:<\/p>\n<ul style=\"font-weight: 400;font-family: Roboto;font-style: normal;font-size: 14px;background-color: #ffffff\">\n<li style=\"font-size: 14px\">\n<table style=\"font-size: 14px;width: 915px\" width=\"305\">\n<tbody style=\"font-size: 14px\">\n<tr style=\"font-size: 14px\">\n<td style=\"font-size: 14px\" width=\"305\">66 9591 0004 2001 0019 2604 0005<\/td>\n<\/tr>\n<\/tbody>\n<\/table>\n<\/li>\n<\/ul>\n<p style=\"font-weight: 400;font-family: Roboto;font-style: normal;font-size: 14px;background-color: #ffffff\">Zesp\u00f3\u0142 Szkolno-Przedszkolny w Wiszni Ma\u0142ej<\/p>\n<p style=\"font-weight: 400;font-family: Roboto;font-style: normal;font-size: 14px;background-color: #ffffff\">55-114 Wisznia Ma\u0142a<\/p>\n<p style=\"font-weight: 400;font-family: Roboto;font-style: normal;font-size: 14px;background-color: #ffffff\">ul. Szkolna 51<\/p>\t\t\t\t\t\t<\/div>\n\t\t\t\t<\/div>\n\t\t\t\t\t<\/div>\n\t\t<\/div>\n\t\t\t\t\t\t\t<\/div>\n\t\t<\/section>\n\t\t\t\t\t\t<\/div>\n\t\t\t\t\t<\/div>\n\t\t","protected":false},"excerpt":{"rendered":"<p>Zaktualizowano dnia 01.04.2026 r. Naliczenia za wy\u017cywienie nale\u017cy wp\u0142aca\u0107 na konto: 71 9591 0004 2001 0019 2604 0012 Zesp\u00f3\u0142 Szkolno-Przedszkolny w Wiszni Ma\u0142ej 55-114 Wisznia Ma\u0142a ul. Szkolna 51 Naliczenia za czesne nale\u017cy wp\u0142aca\u0107 na konto: 66 9591 0004 2001 0019 2604 0005 Zesp\u00f3\u0142 Szkolno-Przedszkolny w Wiszni Ma\u0142ej 55-114 Wisznia [&hellip;]<\/p>\n","protected":false},"author":8,"featured_media":0,"parent":2041,"menu_order":0,"comment_status":"closed","ping_status":"closed","template":"","meta":{"ngg_post_thumbnail":0},"_links":{"self":[{"href":"https:\/\/zspwiszniamala.pl\/przedszkole\/wp-json\/wp\/v2\/pages\/3451"}],"collection":[{"href":"https:\/\/zspwiszniamala.pl\/przedszkole\/wp-json\/wp\/v2\/pages"}],"about":[{"href":"https:\/\/zspwiszniamala.pl\/przedszkole\/wp-json\/wp\/v2\/types\/page"}],"author":[{"embeddable":true,"href":"https:\/\/zspwiszniamala.pl\/przedszkole\/wp-json\/wp\/v2\/users\/8"}],"replies":[{"embeddable":true,"href":"https:\/\/zspwiszniamala.pl\/przedszkole\/wp-json\/wp\/v2\/comments?post=3451"}],"version-history":[{"count":122,"href":"https:\/\/zspwiszniamala.pl\/przedszkole\/wp-json\/wp\/v2\/pages\/3451\/revisions"}],"predecessor-version":[{"id":3770,"href":"https:\/\/zspwiszniamala.pl\/przedszkole\/wp-json\/wp\/v2\/pages\/3451\/revisions\/3770"}],"up":[{"embeddable":true,"href":"https:\/\/zspwiszniamala.pl\/przedszkole\/wp-json\/wp\/v2\/pages\/2041"}],"wp:attachment":[{"href":"https:\/\/zspwiszniamala.pl\/przedszkole\/wp-json\/wp\/v2\/media?parent=3451"}],"curies":[{"name":"wp","href":"https:\/\/api.w.org\/{rel}","templated":true}]}}