{"id":2880,"date":"2022-12-22T12:54:34","date_gmt":"2022-12-22T11:54:34","guid":{"rendered":"https:\/\/zspwiszniamala.pl\/przedszkole\/?page_id=2880"},"modified":"2023-01-23T14:21:33","modified_gmt":"2023-01-23T13:21:33","slug":"czesc-i-2","status":"publish","type":"page","link":"https:\/\/zspwiszniamala.pl\/przedszkole\/czesc-i-2\/","title":{"rendered":"Cz\u0119\u015b\u0107 I"},"content":{"rendered":"\t\t<div data-elementor-type=\"wp-page\" data-elementor-id=\"2880\" class=\"elementor elementor-2880\" data-elementor-settings=\"[]\">\n\t\t\t\t\t\t\t<div class=\"elementor-section-wrap\">\n\t\t\t\t\t\t\t<section class=\"elementor-section elementor-top-section elementor-element elementor-element-7f2ce73 elementor-section-boxed elementor-section-height-default elementor-section-height-default\" data-id=\"7f2ce73\" data-element_type=\"section\">\n\t\t\t\t\t\t<div class=\"elementor-container elementor-column-gap-default\">\n\t\t\t\t\t<div class=\"elementor-column elementor-col-100 elementor-top-column elementor-element elementor-element-f8b9a69\" data-id=\"f8b9a69\" data-element_type=\"column\">\n\t\t\t<div class=\"elementor-widget-wrap elementor-element-populated\">\n\t\t\t\t\t\t\t\t<div class=\"elementor-element elementor-element-3512b56 elementor-widget elementor-widget-image\" data-id=\"3512b56\" data-element_type=\"widget\" data-widget_type=\"image.default\">\n\t\t\t\t<div class=\"elementor-widget-container\">\n\t\t\t<style>\/*! elementor - v3.5.4 - 23-01-2022 *\/\n.elementor-widget-image{text-align:center}.elementor-widget-image a{display:inline-block}.elementor-widget-image a img[src$=\".svg\"]{width:48px}.elementor-widget-image img{vertical-align:middle;display:inline-block}<\/style>\t\t\t\t\t\t\t\t\t\t\t\t<img width=\"800\" height=\"2000\" src=\"https:\/\/zspwiszniamala.pl\/przedszkole\/wp-content\/uploads\/sites\/2\/2023\/01\/Mysli-sklaniajace-do-refleksji-cz.-I.jpg\" class=\"attachment-full size-full\" alt=\"\" loading=\"lazy\" srcset=\"https:\/\/zspwiszniamala.pl\/przedszkole\/wp-content\/uploads\/sites\/2\/2023\/01\/Mysli-sklaniajace-do-refleksji-cz.-I.jpg 800w, https:\/\/zspwiszniamala.pl\/przedszkole\/wp-content\/uploads\/sites\/2\/2023\/01\/Mysli-sklaniajace-do-refleksji-cz.-I-120x300.jpg 120w, https:\/\/zspwiszniamala.pl\/przedszkole\/wp-content\/uploads\/sites\/2\/2023\/01\/Mysli-sklaniajace-do-refleksji-cz.-I-410x1024.jpg 410w, https:\/\/zspwiszniamala.pl\/przedszkole\/wp-content\/uploads\/sites\/2\/2023\/01\/Mysli-sklaniajace-do-refleksji-cz.-I-768x1920.jpg 768w, https:\/\/zspwiszniamala.pl\/przedszkole\/wp-content\/uploads\/sites\/2\/2023\/01\/Mysli-sklaniajace-do-refleksji-cz.-I-614x1536.jpg 614w\" sizes=\"(max-width: 800px) 100vw, 800px\" \/>\t\t\t\t\t\t\t\t\t\t\t\t\t\t\t<\/div>\n\t\t\t\t<\/div>\n\t\t\t\t\t<\/div>\n\t\t<\/div>\n\t\t\t\t\t\t\t<\/div>\n\t\t<\/section>\n\t\t\t\t<section class=\"elementor-section elementor-top-section elementor-element elementor-element-83eff8f elementor-section-boxed elementor-section-height-default elementor-section-height-default\" data-id=\"83eff8f\" data-element_type=\"section\">\n\t\t\t\t\t\t<div class=\"elementor-container elementor-column-gap-default\">\n\t\t\t\t\t<div class=\"elementor-column elementor-col-100 elementor-top-column elementor-element elementor-element-6cd8113\" data-id=\"6cd8113\" data-element_type=\"column\">\n\t\t\t<div class=\"elementor-widget-wrap elementor-element-populated\">\n\t\t\t\t\t\t\t\t<div class=\"elementor-element elementor-element-e5e41e1 elementor-widget elementor-widget-image\" data-id=\"e5e41e1\" data-element_type=\"widget\" data-widget_type=\"image.default\">\n\t\t\t\t<div class=\"elementor-widget-container\">\n\t\t\t\t\t\t\t\t\t\t\t\t\t\t\t<img width=\"800\" height=\"2000\" src=\"https:\/\/zspwiszniamala.pl\/przedszkole\/wp-content\/uploads\/sites\/2\/2023\/01\/Mysli-sklaniajace-do-refleksji-cz.-II.jpg\" class=\"attachment-full size-full\" alt=\"\" loading=\"lazy\" srcset=\"https:\/\/zspwiszniamala.pl\/przedszkole\/wp-content\/uploads\/sites\/2\/2023\/01\/Mysli-sklaniajace-do-refleksji-cz.-II.jpg 800w, https:\/\/zspwiszniamala.pl\/przedszkole\/wp-content\/uploads\/sites\/2\/2023\/01\/Mysli-sklaniajace-do-refleksji-cz.-II-120x300.jpg 120w, https:\/\/zspwiszniamala.pl\/przedszkole\/wp-content\/uploads\/sites\/2\/2023\/01\/Mysli-sklaniajace-do-refleksji-cz.-II-410x1024.jpg 410w, https:\/\/zspwiszniamala.pl\/przedszkole\/wp-content\/uploads\/sites\/2\/2023\/01\/Mysli-sklaniajace-do-refleksji-cz.-II-768x1920.jpg 768w, https:\/\/zspwiszniamala.pl\/przedszkole\/wp-content\/uploads\/sites\/2\/2023\/01\/Mysli-sklaniajace-do-refleksji-cz.-II-614x1536.jpg 614w\" sizes=\"(max-width: 800px) 100vw, 800px\" \/>\t\t\t\t\t\t\t\t\t\t\t\t\t\t\t<\/div>\n\t\t\t\t<\/div>\n\t\t\t\t\t<\/div>\n\t\t<\/div>\n\t\t\t\t\t\t\t<\/div>\n\t\t<\/section>\n\t\t\t\t\t\t<\/div>\n\t\t\t\t\t<\/div>\n\t\t","protected":false},"excerpt":{"rendered":"<p>\/*! elementor &#8211; v3.5.4 &#8211; 23-01-2022 *\/ .elementor-widget-image{text-align:center}.elementor-widget-image a{display:inline-block}.elementor-widget-image a img[src$=&#8221;.svg&#8221;]{width:48px}.elementor-widget-image img{vertical-align:middle;display:inline-block}<\/p>\n","protected":false},"author":8,"featured_media":0,"parent":0,"menu_order":0,"comment_status":"closed","ping_status":"closed","template":"","meta":{"ngg_post_thumbnail":0},"_links":{"self":[{"href":"https:\/\/zspwiszniamala.pl\/przedszkole\/wp-json\/wp\/v2\/pages\/2880"}],"collection":[{"href":"https:\/\/zspwiszniamala.pl\/przedszkole\/wp-json\/wp\/v2\/pages"}],"about":[{"href":"https:\/\/zspwiszniamala.pl\/przedszkole\/wp-json\/wp\/v2\/types\/page"}],"author":[{"embeddable":true,"href":"https:\/\/zspwiszniamala.pl\/przedszkole\/wp-json\/wp\/v2\/users\/8"}],"replies":[{"embeddable":true,"href":"https:\/\/zspwiszniamala.pl\/przedszkole\/wp-json\/wp\/v2\/comments?post=2880"}],"version-history":[{"count":4,"href":"https:\/\/zspwiszniamala.pl\/przedszkole\/wp-json\/wp\/v2\/pages\/2880\/revisions"}],"predecessor-version":[{"id":2981,"href":"https:\/\/zspwiszniamala.pl\/przedszkole\/wp-json\/wp\/v2\/pages\/2880\/revisions\/2981"}],"wp:attachment":[{"href":"https:\/\/zspwiszniamala.pl\/przedszkole\/wp-json\/wp\/v2\/media?parent=2880"}],"curies":[{"name":"wp","href":"https:\/\/api.w.org\/{rel}","templated":true}]}}